{"id":1942,"date":"2025-04-30T14:01:57","date_gmt":"2025-04-30T14:01:57","guid":{"rendered":"https:\/\/greco.com.co\/?post_type=product&#038;p=1942"},"modified":"2026-03-19T14:34:44","modified_gmt":"2026-03-19T14:34:44","slug":"galletas-feliz-dia-70g","status":"publish","type":"product","link":"https:\/\/greco.com.co\/en\/product\/galletas-feliz-dia-70g\/","title":{"rendered":"Feliz d\u00eda Cookies 70 g"},"content":{"rendered":"<p>Galletas con sabor a vainilla para hacer tus d\u00edas m\u00e1s especiales.<\/p>\n<p>Cada dise\u00f1o viene con una frase \u00fanica para alegrarte el d\u00eda.<\/p>\n<p>La caja viene surtida entre los 5 dise\u00f1os.<\/p>","protected":false},"excerpt":{"rendered":"<p>Keep it in a cool and dry place. Product ready for consumption.<\/p>","protected":false},"featured_media":1944,"template":"","meta":[],"product_brand":[],"product_cat":[25],"product_tag":[],"temporada":[29],"presentacion":[34],"marcas":[58],"class_list":{"0":"post-1942","1":"product","2":"type-product","3":"status-publish","4":"has-post-thumbnail","6":"product_cat-galletas","7":"temporada-regalos","8":"presentacion-bolsa","9":"marcas-feliz-dia","11":"first","12":"outofstock","13":"shipping-taxable","14":"product-type-simple"},"_links":{"self":[{"href":"https:\/\/greco.com.co\/en\/wp-json\/wp\/v2\/product\/1942","targetHints":{"allow":["GET"]}}],"collection":[{"href":"https:\/\/greco.com.co\/en\/wp-json\/wp\/v2\/product"}],"about":[{"href":"https:\/\/greco.com.co\/en\/wp-json\/wp\/v2\/types\/product"}],"wp:featuredmedia":[{"embeddable":true,"href":"https:\/\/greco.com.co\/en\/wp-json\/wp\/v2\/media\/1944"}],"wp:attachment":[{"href":"https:\/\/greco.com.co\/en\/wp-json\/wp\/v2\/media?parent=1942"}],"wp:term":[{"taxonomy":"product_brand","embeddable":true,"href":"https:\/\/greco.com.co\/en\/wp-json\/wp\/v2\/product_brand?post=1942"},{"taxonomy":"product_cat","embeddable":true,"href":"https:\/\/greco.com.co\/en\/wp-json\/wp\/v2\/product_cat?post=1942"},{"taxonomy":"product_tag","embeddable":true,"href":"https:\/\/greco.com.co\/en\/wp-json\/wp\/v2\/product_tag?post=1942"},{"taxonomy":"temporada","embeddable":true,"href":"https:\/\/greco.com.co\/en\/wp-json\/wp\/v2\/temporada?post=1942"},{"taxonomy":"presentacion","embeddable":true,"href":"https:\/\/greco.com.co\/en\/wp-json\/wp\/v2\/presentacion?post=1942"},{"taxonomy":"marcas","embeddable":true,"href":"https:\/\/greco.com.co\/en\/wp-json\/wp\/v2\/marcas?post=1942"}],"curies":[{"name":"wp","href":"https:\/\/api.w.org\/{rel}","templated":true}]}}